{"id":108,"date":"2012-04-13T21:23:09","date_gmt":"2012-04-13T19:23:09","guid":{"rendered":"http:\/\/perryfs.pf-control.de\/gp\/?page_id=108"},"modified":"2019-10-20T10:49:38","modified_gmt":"2019-10-20T08:49:38","slug":"gestut","status":"publish","type":"page","link":"http:\/\/www.gestuet-pfalzblick.de\/Wordpress\/gestut\/","title":{"rendered":"Gest\u00fct"},"content":{"rendered":"<p><span style=\"font-family: 'Arial',sans-serif;\">Zucht auf dem Gest\u00fct Pfalzblick.<\/span><\/p>\n<p><span style=\"font-family: 'Arial',sans-serif;\">Wir haben es uns zur Herzensangelegenheit gemacht, qualit\u00e4tsvolle Pferde zu z\u00fcchten, die sowohl als treue Freizeitpartner, aber auch f\u00fcr den gro\u00dfen Sport geeignet sind. Durch die gro\u00dfe Begeisterung und Liebe f\u00fcr spanische Pferde z\u00fcchten wir haupts\u00e4chlich Pferde der spanischen Rasse, die \u201ePura Raza Espanola\u201c.<\/span><\/p>\n<p><span style=\"font-family: 'Arial',sans-serif;\">Das Temperament und gleichzeitig die sensible, weiche Seite der spanischen Pferde, machen diese zu lernwilligen, feinen Partnern f\u00fcr viele Reiter. Durch gezielte Auswahl der Stuten und Hengste haben wir es uns zum Ziel gemacht neben den charakterlichen Vorz\u00fcgen dieser Pferde auch die beste Bewegungsqualit\u00e4t hervorzubringen. Beide unserer Hengste sind in der Dressur bis Klasse S ausgebildet und auf FN Turnieren erfolgreich vorgestellt und als eine der wenigen deutschlandweit mit sehr guten Platzierungen. Auch unsere Stuten werden zun\u00e4chst eingeritten und gegebenenfalls auf Turnieren vorgestellt. <\/span><\/p>\n<p><span style=\"font-family: 'Arial',sans-serif;\">Neben der Dressur ist diese Rasse nat\u00fcrlich auch bestens geeignet f\u00fcr die Working Equitation. Die Gelassenheit und der Gehorsam im Trail, die Schnelligkeit und die angeborene Freude bei der Rinderarbeit sowie die schwungvollen Bewegungen in die Dressur, geben beste Voraussetzungen f\u00fcr den perfekten Partner. Auch in dieser Disziplin bilden wir sowohl unsere Hengste als auch Stuten aus.<\/span><\/p>\n<p><span style=\"font-family: 'Arial',sans-serif;\">Wir legen besonderen Wert auf die artgerechte Haltung der Zuchtstuten, die ihre Tr\u00e4chtigkeit auf gro\u00dfen, ruhigen Koppeln mit anderen Stuten verbringen d\u00fcrfen. Auch die Aufzucht der neugeborenen Fohlen findet, nach Kontrollen durch den Tierarzt und unter Ber\u00fccksichtigung der Wetterverh\u00e4ltnisse, auf der Weide statt. Dort k\u00f6nnen sie mit gleichaltrigen Fohlen den ganzen Tag spielen und dabei gleich ein gutes Sozialverhaltenen mit anderen Pferden erlernen.<\/span><\/p>\n<p><span style=\"font-family: 'Arial',sans-serif;\">Nachdem das Fohlen von der Mutterstute getrennt wurde, darf es noch einige Zeit mit den anderen Fohlen verbringen, bevor es in eine passende Herde eingegliedert wird. Dort beginnt die Gew\u00f6hnung an den Menschen durch Bodenarbeit und sanftes anlongieren, bevor es je nach Entwicklungsstand schlie\u00dflich schonend eingeritten wird.<\/span><\/p>\n<p>&nbsp;<\/p>\n<p>&nbsp;<\/p>\n","protected":false},"excerpt":{"rendered":"<p>Zucht auf dem Gest\u00fct Pfalzblick. Wir haben es uns zur Herzensangelegenheit gemacht, qualit\u00e4tsvolle Pferde zu z\u00fcchten, die sowohl als treue Freizeitpartner, aber auch f\u00fcr den gro\u00dfen Sport geeignet sind. Durch die gro\u00dfe Begeisterung und Liebe f\u00fcr spanische Pferde z\u00fcchten wir haupts\u00e4chlich Pferde der spanischen Rasse, die \u201ePura Raza Espanola\u201c. Das Temperament und gleichzeitig die sensible,&hellip;<\/p>\n","protected":false},"author":4,"featured_media":0,"parent":0,"menu_order":2,"comment_status":"closed","ping_status":"closed","template":"","meta":[],"_links":{"self":[{"href":"http:\/\/www.gestuet-pfalzblick.de\/Wordpress\/wp-json\/wp\/v2\/pages\/108"}],"collection":[{"href":"http:\/\/www.gestuet-pfalzblick.de\/Wordpress\/wp-json\/wp\/v2\/pages"}],"about":[{"href":"http:\/\/www.gestuet-pfalzblick.de\/Wordpress\/wp-json\/wp\/v2\/types\/page"}],"author":[{"embeddable":true,"href":"http:\/\/www.gestuet-pfalzblick.de\/Wordpress\/wp-json\/wp\/v2\/users\/4"}],"replies":[{"embeddable":true,"href":"http:\/\/www.gestuet-pfalzblick.de\/Wordpress\/wp-json\/wp\/v2\/comments?post=108"}],"version-history":[{"count":18,"href":"http:\/\/www.gestuet-pfalzblick.de\/Wordpress\/wp-json\/wp\/v2\/pages\/108\/revisions"}],"predecessor-version":[{"id":3993,"href":"http:\/\/www.gestuet-pfalzblick.de\/Wordpress\/wp-json\/wp\/v2\/pages\/108\/revisions\/3993"}],"wp:attachment":[{"href":"http:\/\/www.gestuet-pfalzblick.de\/Wordpress\/wp-json\/wp\/v2\/media?parent=108"}],"curies":[{"name":"wp","href":"https:\/\/api.w.org\/{rel}","templated":true}]}}