{"id":20,"date":"2012-03-25T16:31:21","date_gmt":"2012-03-25T14:31:21","guid":{"rendered":"http:\/\/perryfs.pf-control.de\/gp\/?page_id=20"},"modified":"2018-08-28T11:03:51","modified_gmt":"2018-08-28T09:03:51","slug":"20-2","status":"publish","type":"page","link":"http:\/\/www.gestuet-pfalzblick.de\/Wordpress\/20-2\/","title":{"rendered":"Reitbetrieb"},"content":{"rendered":"<p style=\"text-align: left;\" align=\"center\"><span style=\"color: #000000;\"><strong>Reiten wie es Euch gef\u00e4llt!<\/strong><\/span><\/p>\n<p style=\"text-align: left;\"><span style=\"color: #000000;\"><strong>Wer Pferde und den Reitsport liebt ist bei uns genau richtig. Reiten ist ein idealer Ausgleichssport, ein tolles Freizeitvergn\u00fcgen, aber auch ein Leistungssport. Jeder entscheidet selbst, wie intensiv oder ehrgeizig er\/sie dabei sein m\u00f6chte. Wir stellen uns darauf ein. Unser Mindestziel ist allerdings\u00a0Euch richtig sattelfest zu\u00a0machen. Denn Reiten macht mit Sicherheit am meisten Spa\u00df. <\/strong><\/span><\/p>\n<p style=\"text-align: left;\"><span style=\"color: #000000;\"><strong>Um den J\u00fcngsten den Einstieg in den Reitsport zu erleichtern nutzt die Gelegenheit bei unseren n\u00e4chsten\u00a0<span style=\"text-decoration: underline;\"><a style=\"color: #000000; text-decoration: underline;\" title=\"Schnuppertage\" href=\"http:\/\/gestuet-pfalzblick.de\/Wordpress\/?page_id=741\">Schnuppertagen<\/a><\/span>.<\/strong><\/span><\/p>\n<p style=\"text-align: left;\"><span style=\"color: #000000;\"><strong>Bei all dem steht nat\u00fcrlich, neben dem Spa\u00df f\u00fcr Mensch und Tier, die Gesundheit unserer Pferde an erster Stelle. Deshalb stehen diese in artgerechten Bewegungsst\u00e4llen, wo sie es sich nach gemeinsamer Arbeit so richtig gutgehen lassen.<\/strong><\/span><\/p>\n<p style=\"text-align: left;\"><span style=\"color: #000000;\"><strong>Aufgrund unseres breit gef\u00e4cherten Angebotes verschiedenster Schulpferde sind wir sicher, dass auch f\u00fcr Euch der richtige Unterrichtspartner dabei ist. <\/strong><\/span><\/p>\n<p style=\"text-align: left;\"><span style=\"color: #000000;\"><strong>Wenn euer Interesse geweckt ist freuen wir uns auf Euren Besuch.<\/strong><\/span><\/p>\n<p>&nbsp;<\/p>\n<h3 style=\"text-align: justify;\"><span style=\"color: #000000;\">\u00a0<\/span><\/h3>\n<p>&nbsp;<\/p>\n","protected":false},"excerpt":{"rendered":"<p>Reiten wie es Euch gef\u00e4llt! Wer Pferde und den Reitsport liebt ist bei uns genau richtig. Reiten ist ein idealer Ausgleichssport, ein tolles Freizeitvergn\u00fcgen, aber auch ein Leistungssport. Jeder entscheidet selbst, wie intensiv oder ehrgeizig er\/sie dabei sein m\u00f6chte. Wir stellen uns darauf ein. Unser Mindestziel ist allerdings\u00a0Euch richtig sattelfest zu\u00a0machen. Denn Reiten macht mit&hellip;<\/p>\n","protected":false},"author":4,"featured_media":0,"parent":0,"menu_order":4,"comment_status":"closed","ping_status":"closed","template":"","meta":[],"_links":{"self":[{"href":"http:\/\/www.gestuet-pfalzblick.de\/Wordpress\/wp-json\/wp\/v2\/pages\/20"}],"collection":[{"href":"http:\/\/www.gestuet-pfalzblick.de\/Wordpress\/wp-json\/wp\/v2\/pages"}],"about":[{"href":"http:\/\/www.gestuet-pfalzblick.de\/Wordpress\/wp-json\/wp\/v2\/types\/page"}],"author":[{"embeddable":true,"href":"http:\/\/www.gestuet-pfalzblick.de\/Wordpress\/wp-json\/wp\/v2\/users\/4"}],"replies":[{"embeddable":true,"href":"http:\/\/www.gestuet-pfalzblick.de\/Wordpress\/wp-json\/wp\/v2\/comments?post=20"}],"version-history":[{"count":44,"href":"http:\/\/www.gestuet-pfalzblick.de\/Wordpress\/wp-json\/wp\/v2\/pages\/20\/revisions"}],"predecessor-version":[{"id":3749,"href":"http:\/\/www.gestuet-pfalzblick.de\/Wordpress\/wp-json\/wp\/v2\/pages\/20\/revisions\/3749"}],"wp:attachment":[{"href":"http:\/\/www.gestuet-pfalzblick.de\/Wordpress\/wp-json\/wp\/v2\/media?parent=20"}],"curies":[{"name":"wp","href":"https:\/\/api.w.org\/{rel}","templated":true}]}}