{"id":3746,"date":"2016-01-24T12:23:56","date_gmt":"2016-01-24T10:23:56","guid":{"rendered":"http:\/\/www.gestuet-pfalzblick.de\/Wordpress\/?page_id=3746"},"modified":"2019-08-18T08:46:10","modified_gmt":"2019-08-18T06:46:10","slug":"reitstunden","status":"publish","type":"page","link":"http:\/\/www.gestuet-pfalzblick.de\/Wordpress\/reitstunden\/","title":{"rendered":"Reitstunden"},"content":{"rendered":"<p style=\"text-align: left;\"><strong>Auf unserer sch\u00f6nen Anlage bieten wir regelm\u00e4\u00dfigen Unterricht bei qualifizierten Reitlehrern. Dabei k\u00f6nnen sie w\u00e4hlen zwischen Western oder klassischem Unterricht. Unser Angebot ist ausgelegt f\u00fcr Freizeitreiter, Einsteiger, Wiedereinsteiger, Kinder und Turnierreiter.<br \/>\n<\/strong><\/p>\n<p style=\"text-align: left;\"><strong>Unsere Trainer :<\/strong><\/p>\n<ul>\n<li style=\"text-align: left;\"><strong>Andrea Gall<\/strong><\/li>\n<li style=\"text-align: left;\"><strong>Mirjam Gall (Trainer C)<\/strong><\/li>\n<li style=\"text-align: left;\"><strong>Mathias Klug (Trainer C Western)<\/strong><\/li>\n<li style=\"text-align: left;\"><strong>Victoria Gall (Trainerassistent)<\/strong><\/li>\n<li style=\"text-align: left;\"><strong>Sarah Nowak (Trainerassistent)<\/strong><\/li>\n<\/ul>\n<p>&nbsp;<\/p>\n<p>Preise auf Anfrage<\/p>\n","protected":false},"excerpt":{"rendered":"<p>Auf unserer sch\u00f6nen Anlage bieten wir regelm\u00e4\u00dfigen Unterricht bei qualifizierten Reitlehrern. Dabei k\u00f6nnen sie w\u00e4hlen zwischen Western oder klassischem Unterricht. Unser Angebot ist ausgelegt f\u00fcr Freizeitreiter, Einsteiger, Wiedereinsteiger, Kinder und Turnierreiter. Unsere Trainer : Andrea Gall Mirjam Gall (Trainer C) Mathias Klug (Trainer C Western) Victoria Gall (Trainerassistent) Sarah Nowak (Trainerassistent) &nbsp; Preise auf Anfrage<\/p>\n","protected":false},"author":4,"featured_media":0,"parent":0,"menu_order":0,"comment_status":"closed","ping_status":"closed","template":"","meta":[],"_links":{"self":[{"href":"http:\/\/www.gestuet-pfalzblick.de\/Wordpress\/wp-json\/wp\/v2\/pages\/3746"}],"collection":[{"href":"http:\/\/www.gestuet-pfalzblick.de\/Wordpress\/wp-json\/wp\/v2\/pages"}],"about":[{"href":"http:\/\/www.gestuet-pfalzblick.de\/Wordpress\/wp-json\/wp\/v2\/types\/page"}],"author":[{"embeddable":true,"href":"http:\/\/www.gestuet-pfalzblick.de\/Wordpress\/wp-json\/wp\/v2\/users\/4"}],"replies":[{"embeddable":true,"href":"http:\/\/www.gestuet-pfalzblick.de\/Wordpress\/wp-json\/wp\/v2\/comments?post=3746"}],"version-history":[{"count":2,"href":"http:\/\/www.gestuet-pfalzblick.de\/Wordpress\/wp-json\/wp\/v2\/pages\/3746\/revisions"}],"predecessor-version":[{"id":3984,"href":"http:\/\/www.gestuet-pfalzblick.de\/Wordpress\/wp-json\/wp\/v2\/pages\/3746\/revisions\/3984"}],"wp:attachment":[{"href":"http:\/\/www.gestuet-pfalzblick.de\/Wordpress\/wp-json\/wp\/v2\/media?parent=3746"}],"curies":[{"name":"wp","href":"https:\/\/api.w.org\/{rel}","templated":true}]}}