{"id":473,"date":"2012-09-28T15:54:17","date_gmt":"2012-09-28T13:54:17","guid":{"rendered":"http:\/\/perryfs.pf-control.de\/gp\/?page_id=473"},"modified":"2022-02-03T11:55:42","modified_gmt":"2022-02-03T09:55:42","slug":"impressum","status":"publish","type":"page","link":"http:\/\/www.gestuet-pfalzblick.de\/Wordpress\/impressum\/","title":{"rendered":"Impressum"},"content":{"rendered":"<p><strong>Herausgeber<\/strong><br \/>\nAndrea Gall<br \/>\nGest\u00fct Pfalzblick<br \/>\nGrenzhof 0<br \/>\n67126 Hochdorf-Assenheim<br \/>\nTelefon: +49 (0)6231 \/ 939 90 90<br \/>\nTelefax: +49 (0)6231 \/ 939 90 91<br \/>\nE-Mail: andrea@gestuet-pfalzblick.de<\/p>\n<p><span class=\"fs12lh1-5\"><span class=\"ff1\"><span class=\"cf1\">USt-IdNr.:\u00a0 <\/span><\/span><\/span>DE812396350<\/p>\n<p>&nbsp;<\/p>\n<p>Hinweis zur Verwendung von Bildern: Sollten Sie mit der Ver\u00f6ffentlichung Ihrer Bilder nicht einverstanden sein, senden Sie uns bitte eine Nachricht \u00fcber das Kontaktformular.\u00a0Wir werden die entsprechenden Bilder umgehend entfernen. Vielen Dank!<\/p>\n<p>&nbsp;<\/p>\n<h1>Disclaimer<\/h1>\n<h2>1. Haftungsbeschr\u00e4nkung<\/h2>\n<p>Die Webseite wurde mit gr\u00f6\u00dftm\u00f6glicher Sorgfalt erstellt. Der Anbieter dieser Webseite \u00fcbernimmt dennoch keine Gew\u00e4hr f\u00fcr die Richtigkeit, Vollst\u00e4ndigkeit und Aktualit\u00e4t der bereitgestellten Inhalte und Informationen. Die Nutzung der Webseiteninhalte erfolgt auf eigene Gefahr. Allein durch die Nutzung der Website kommt keinerlei Vertragsverh\u00e4ltnis zwischen dem Nutzer und dem Anbieter zustande.<\/p>\n<h2>2. Verlinkungen<\/h2>\n<p>Die Webseite enth\u00e4lt Verlinkungen zu anderen Webseiten (&#8220;externe Links&#8221;). Diese Webseiten unterliegen der Haftung der jeweiligen Seitenbetreiber. Bei Verkn\u00fcpfung der externen Links waren keine Rechtsverst\u00f6\u00dfe ersichtlich. Auf die aktuelle und k\u00fcnftige Gestaltung der verlinkten Seiten hat der Anbieter keinen Einfluss. Die permanente \u00dcberpr\u00fcfung der externen Links ist f\u00fcr den Anbieter ohne konkrete Hinweise auf Rechtsverst\u00f6\u00dfe nicht zumutbar. Bei Bekanntwerden von Rechtsverst\u00f6\u00dfen werden die betroffenen externen Links unverz\u00fcglich gel\u00f6scht.<\/p>\n<h2>3. Urheberrecht \/ Leistungsschutzrecht<\/h2>\n<p>Die auf dieser Webseite durch den Anbieter ver\u00f6ffentlichten Inhalte unterliegen dem deutschen Urheberrecht und Leistungsschutzrecht. Alle vom deutschen Urheber- und Leistungsschutzrecht nicht zugelassene Verwertung bedarf der vorherigen schriftlichen Zustimmung des Anbieters oder jeweiligen Rechteinhabers. Dies gilt vor allem f\u00fcr Vervielf\u00e4ltigung, Bearbeitung, \u00dcbersetzung, Einspeicherung, Verarbeitung bzw. Wiedergabe von Inhalten in Datenbanken oder anderen elektronischen Medien und Systemen. Dabei sind Inhalte und Rechte Dritter als solche gekennzeichnet. Das unerlaubte Kopieren der Webseiteninhalte oder der kompeltten Webseite ist nicht gestattet und strafbar. Lediglich die Herstellung von Kopien und Downloads f\u00fcr den pers\u00f6nlichen, privaten und nicht kommerziellen Gebrauch ist erlaubt.<\/p>\n<p>Diese Website darf ohne schriftliche Erlaubnis nicht durch Dritte in Frames oder iFrames dargestellt werden.<\/p>\n<h2>4. Datenschutz<\/h2>\n<p>Mit dem Besuch dieser Webseite k\u00f6nnen Informationen \u00fcber den Zugriff gespeichert werden. Diese Daten wie Uhrzeit, Datum und die betrachtete Seite geh\u00f6ren nicht zu den personenbezogenen Daten, sondern sind anonymisiert. Dies werden nur aus statistischen Zwecken erfasst. Eine Weitergabe an Dritte, zu kommerziellen oder nichtkommerziellen Zwecken, erfolgt nicht.<\/p>\n<p>Der Anbieter weist ausdr\u00fccklich darauf hin, dass die Daten\u00fcbertragung im Internet (z.B. bei der Kommunikation per E-Mail) Sicherheitsl\u00fccken aufweisen und nicht l\u00fcckenlos vor dem Zugriff durch Dritte gesch\u00fctzt werden kann.<\/p>\n<p>Die Verwendung der Kontaktdaten des Impressums zur gewerblichen Werbung ist ausdr\u00fccklich nicht erw\u00fcnscht, es sei denn der Anbieter hatte zuvor seine schriftliche Einwilligung erteilt oder es besteht bereits eine Gesch\u00e4ftsbeziehung. Der Anbieter und alle auf dieser Website genannten Personen widersprechen hiermit jeder kommerziellen Verwendung und Weitergabe ihrer Daten.<\/p>\n<p>Quelle: <a href=\"http:\/\/www.fachanwalt.de\/disclaimer-vorlage\/\">Disclaimer<\/a> von <a title=\"Fachanwaltsuche\" href=\"http:\/\/www.fachanwalt.de\">Fachanwalt.de<\/a><\/p>\n","protected":false},"excerpt":{"rendered":"<p>Herausgeber Andrea Gall Gest\u00fct Pfalzblick Grenzhof 0 67126 Hochdorf-Assenheim Telefon: +49 (0)6231 \/ 939 90 90 Telefax: +49 (0)6231 \/ 939 90 91 E-Mail: andrea@gestuet-pfalzblick.de USt-IdNr.:\u00a0 DE812396350 &nbsp; Hinweis zur Verwendung von Bildern: Sollten Sie mit der Ver\u00f6ffentlichung Ihrer Bilder nicht einverstanden sein, senden Sie uns bitte eine Nachricht \u00fcber das Kontaktformular.\u00a0Wir werden die entsprechenden&hellip;<\/p>\n","protected":false},"author":4,"featured_media":0,"parent":0,"menu_order":0,"comment_status":"closed","ping_status":"closed","template":"","meta":[],"_links":{"self":[{"href":"http:\/\/www.gestuet-pfalzblick.de\/Wordpress\/wp-json\/wp\/v2\/pages\/473"}],"collection":[{"href":"http:\/\/www.gestuet-pfalzblick.de\/Wordpress\/wp-json\/wp\/v2\/pages"}],"about":[{"href":"http:\/\/www.gestuet-pfalzblick.de\/Wordpress\/wp-json\/wp\/v2\/types\/page"}],"author":[{"embeddable":true,"href":"http:\/\/www.gestuet-pfalzblick.de\/Wordpress\/wp-json\/wp\/v2\/users\/4"}],"replies":[{"embeddable":true,"href":"http:\/\/www.gestuet-pfalzblick.de\/Wordpress\/wp-json\/wp\/v2\/comments?post=473"}],"version-history":[{"count":21,"href":"http:\/\/www.gestuet-pfalzblick.de\/Wordpress\/wp-json\/wp\/v2\/pages\/473\/revisions"}],"predecessor-version":[{"id":4159,"href":"http:\/\/www.gestuet-pfalzblick.de\/Wordpress\/wp-json\/wp\/v2\/pages\/473\/revisions\/4159"}],"wp:attachment":[{"href":"http:\/\/www.gestuet-pfalzblick.de\/Wordpress\/wp-json\/wp\/v2\/media?parent=473"}],"curies":[{"name":"wp","href":"https:\/\/api.w.org\/{rel}","templated":true}]}}